{"id":12618,"date":"2020-10-02T17:22:20","date_gmt":"2020-10-02T17:22:20","guid":{"rendered":"http:\/\/aldiapsicologia.com\/?page_id=12618"},"modified":"2020-10-13T10:51:39","modified_gmt":"2020-10-13T10:51:39","slug":"audios","status":"publish","type":"page","link":"https:\/\/aldiapsicologia.com\/index.php\/audios\/","title":{"rendered":"AUDIOS"},"content":{"rendered":"<p>[et_pb_section fb_built=\u00bb1&#8243; next_background_color=\u00bb#ffd088&#8243; admin_label=\u00bbPublications\u00bb _builder_version=\u00bb4.6.5&#8243; background_color=\u00bb#ffbe6b\u00bb use_background_color_gradient=\u00bbon\u00bb background_color_gradient_start=\u00bbrgba(232,232,232,0)\u00bb background_color_gradient_end=\u00bbrgba(255,255,255,0.26)\u00bb background_color_gradient_overlays_image=\u00bbon\u00bb background_image=\u00bbhttps:\/\/aldiapsicologia.com\/wp-content\/uploads\/2020\/10\/MIRIANA-BLOG-3.jpg\u00bb min_height=\u00bb60vh\u00bb max_height=\u00bb70vh\u00bb custom_margin=\u00bb|||\u00bb custom_padding=\u00bb0px||0px||true|false\u00bb top_divider_color=\u00bb#f5f5f5&#8243; top_divider_flip=\u00bbvertical\u00bb top_divider_arrangement=\u00bbabove_content\u00bb bottom_divider_style=\u00bbslant\u00bb bottom_divider_flip=\u00bbvertical\u00bb bottom_divider_arrangement=\u00bbabove_content\u00bb background_last_edited=\u00bbon|tablet\u00bb background_image_tablet=\u00bbhttps:\/\/aldiapsicologia.com\/wp-content\/uploads\/2020\/10\/MIRIANA-BLOG-1.1.jpg\u00bb background_image_phone=\u00bbhttps:\/\/aldiapsicologia.com\/wp-content\/uploads\/2020\/10\/MIRIANA-BLOG-1.1.jpg\u00bb background_enable_image_tablet=\u00bbon\u00bb background_enable_image_phone=\u00bbon\u00bb locked=\u00bboff\u00bb title_text_phone=\u00bbMIRIANA-BLOG-1.1&#8243; title_text_tablet=\u00bbMIRIANA-BLOG-1.1&#8243;][et_pb_row column_structure=\u00bb3_5,2_5&#8243; _builder_version=\u00bb4.6.5&#8243; width=\u00bb100%\u00bb max_width=\u00bb100%\u00bb module_alignment=\u00bbcenter\u00bb min_height=\u00bb100%\u00bb max_height=\u00bb100%\u00bb custom_margin=\u00bb||||false|false\u00bb animation_direction=\u00bbbottom\u00bb use_custom_width=\u00bbon\u00bb][et_pb_column type=\u00bb3_5&#8243; _builder_version=\u00bb3.25&#8243; custom_padding=\u00bb|||\u00bb custom_padding__hover=\u00bb|||\u00bb][\/et_pb_column][et_pb_column type=\u00bb2_5&#8243; _builder_version=\u00bb3.25&#8243; custom_padding=\u00bb|||\u00bb custom_padding__hover=\u00bb|||\u00bb][et_pb_text admin_label=\u00bbText\u00bb _builder_version=\u00bb4.6.5&#8243; text_font=\u00bbLato||||||||\u00bb text_font_size=\u00bb18px\u00bb text_line_height=\u00bb1.8em\u00bb link_font=\u00bb||||||||\u00bb ul_font=\u00bb||||||||\u00bb ol_font=\u00bb||||||||\u00bb quote_font=\u00bb||||||||\u00bb header_font=\u00bb||||||||\u00bb header_2_font=\u00bbLato|700|||||||\u00bb header_2_font_size=\u00bb40px\u00bb header_2_letter_spacing=\u00bb1px\u00bb header_2_line_height=\u00bb1.5em\u00bb header_3_font=\u00bb||||||||\u00bb header_4_font=\u00bb||||||||\u00bb header_5_font=\u00bb||||||||\u00bb header_6_font=\u00bbLato|700|||||||\u00bb header_6_font_size=\u00bb18px\u00bb header_6_letter_spacing=\u00bb1px\u00bb header_6_line_height=\u00bb1.8em\u00bb width=\u00bb100%\u00bb custom_margin=\u00bb25%||0%||false|false\u00bb custom_padding=\u00bb||||false|false\u00bb animation_style=\u00bbslide\u00bb animation_direction=\u00bbbottom\u00bb animation_intensity_slide=\u00bb5%\u00bb header_2_font_size_tablet=\u00bb\u00bb header_2_font_size_phone=\u00bb22px\u00bb header_2_font_size_last_edited=\u00bbon|phone\u00bb text_orientation_tablet=\u00bbright\u00bb text_orientation_phone=\u00bb\u00bb text_orientation_last_edited=\u00bbon|phone\u00bb]<\/p>\n<h2>\u00a1Bienvenido a nuestra<\/h2>\n<h2><em>Galer\u00eda de Audios<\/em>!<\/h2>\n<p>[\/et_pb_text][et_pb_text admin_label=\u00bbText\u00bb _builder_version=\u00bb4.6.5&#8243; text_font=\u00bbLato||||||||\u00bb text_font_size=\u00bb43px\u00bb text_line_height=\u00bb1.8em\u00bb link_font=\u00bb||||||||\u00bb ul_font=\u00bb||||||||\u00bb ol_font=\u00bb||||||||\u00bb quote_font=\u00bb||||||||\u00bb header_font=\u00bb||||||||\u00bb header_2_font=\u00bbLato|700|||||||\u00bb header_2_text_align=\u00bbcenter\u00bb header_2_font_size=\u00bb40px\u00bb header_2_letter_spacing=\u00bb1px\u00bb header_2_line_height=\u00bb1.5em\u00bb header_3_font=\u00bb||||||||\u00bb header_4_font=\u00bb||||||||\u00bb header_5_font=\u00bb||||||||\u00bb header_6_font=\u00bbLato|300|on||||||\u00bb header_6_text_align=\u00bbjustify\u00bb header_6_font_size=\u00bb10px\u00bb header_6_letter_spacing=\u00bb1px\u00bb header_6_line_height=\u00bb2.5em\u00bb animation_style=\u00bbslide\u00bb animation_direction=\u00bbbottom\u00bb animation_intensity_slide=\u00bb5%\u00bb header_2_font_size_tablet=\u00bb\u00bb header_2_font_size_phone=\u00bb22px\u00bb header_2_font_size_last_edited=\u00bbon|phone\u00bb]<\/p>\n<h6 style=\"text-align: center;\"><span style=\"font-size: 43px;\">\u00a1\u00c9xito con eso y s\u00e9 Feliz!<\/span><\/h6>\n<p>[\/et_pb_text][\/et_pb_column][\/et_pb_row][\/et_pb_section][et_pb_section fb_built=\u00bb1&#8243; next_background_color=\u00bb#f5f5f5&#8243; admin_label=\u00bbServices\u00bb module_id=\u00bbESPECIALIDAD\u00bb _builder_version=\u00bb4.6.5&#8243; background_color=\u00bb#ffd088&#8243; use_background_color_gradient=\u00bbon\u00bb background_color_gradient_start=\u00bb#ffd088&#8243; background_color_gradient_end=\u00bb#f5f5f5&#8243; background_color_gradient_direction=\u00bb199deg\u00bb max_height=\u00bb3vh\u00bb custom_padding=\u00bb0|0px|0|0px|true|false\u00bb bottom_divider_style=\u00bbslant\u00bb bottom_divider_flip=\u00bbhorizontal\u00bb bottom_divider_arrangement=\u00bbabove_content\u00bb collapsed=\u00bboff\u00bb][\/et_pb_section][et_pb_section fb_built=\u00bb1&#8243; admin_label=\u00bbBlog\u00bb _builder_version=\u00bb3.22&#8243; background_color=\u00bb#f5f5f5&#8243; custom_padding=\u00bb|||\u00bb][et_pb_row column_structure=\u00bb1_3,2_3&#8243; admin_label=\u00bbBlog\u00bb _builder_version=\u00bb4.6.5&#8243; width=\u00bb90%\u00bb max_width=\u00bb85%\u00bb custom_padding=\u00bb|||\u00bb][et_pb_column type=\u00bb1_3&#8243; _builder_version=\u00bb3.25&#8243; custom_padding=\u00bb|||\u00bb custom_padding__hover=\u00bb|||\u00bb][et_pb_blog include_categories=\u00bb8&#8243; show_content=\u00bbon\u00bb show_author=\u00bboff\u00bb show_date=\u00bboff\u00bb show_categories=\u00bboff\u00bb show_pagination=\u00bboff\u00bb _builder_version=\u00bb4.6.5&#8243; header_font=\u00bbLato|700|on||on||||\u00bb header_text_align=\u00bbleft\u00bb header_font_size=\u00bb18px\u00bb header_line_height=\u00bb0em\u00bb body_font=\u00bbLato||||||||\u00bb body_font_size=\u00bb60px\u00bb body_line_height=\u00bb1.8em\u00bb pagination_font=\u00bbLato|700|||||||\u00bb pagination_text_color=\u00bb#ffb356&#8243; pagination_font_size=\u00bb18px\u00bb width=\u00bb80%\u00bb module_alignment=\u00bbcenter\u00bb body_text_color_tablet=\u00bb\u00bb body_text_color_phone=\u00bb\u00bb body_text_color_last_edited=\u00bbon|phone\u00bb border_width_all=\u00bb0px\u00bb][\/et_pb_blog][et_pb_signup mailchimp_list=\u00bbSlavaET|42d4a98af1&#8243; first_name_field=\u00bboff\u00bb last_name_field=\u00bboff\u00bb title=\u00bb\u00danete a m\u00ed Bolet\u00edn Informativo\u00bb _builder_version=\u00bb4.6.5&#8243; header_font=\u00bbLato|700|||||||\u00bb header_font_size=\u00bb30px\u00bb header_letter_spacing=\u00bb1px\u00bb header_line_height=\u00bb1.5em\u00bb body_font=\u00bbLato||||||||\u00bb body_font_size=\u00bb18px\u00bb form_field_font=\u00bbLato||||||||\u00bb form_field_text_align=\u00bbcenter\u00bb background_color=\u00bb#ffb356&#8243; custom_button=\u00bbon\u00bb button_text_size=\u00bb14px\u00bb button_text_color=\u00bb#ffffff\u00bb button_bg_color=\u00bb#345168&#8243; button_border_width=\u00bb12px\u00bb button_border_color=\u00bb#345168&#8243; button_border_radius=\u00bb50px\u00bb button_letter_spacing=\u00bb1px\u00bb button_font=\u00bbLato|700||on|||||\u00bb button_icon=\u00bb%%3%%\u00bb text_orientation=\u00bbcenter\u00bb custom_margin=\u00bb||0px|\u00bb custom_padding=\u00bb|||\u00bb animation_direction=\u00bbtop\u00bb hover_enabled=\u00bb0&#8243; border_radii_fields=\u00bbon|100px|100px|100px|100px\u00bb button_letter_spacing_hover=\u00bb1px\u00bb locked=\u00bboff\u00bb button_text_size__hover_enabled=\u00bboff\u00bb button_one_text_size__hover_enabled=\u00bboff\u00bb button_two_text_size__hover_enabled=\u00bboff\u00bb button_text_color__hover_enabled=\u00bboff\u00bb button_one_text_color__hover_enabled=\u00bboff\u00bb button_two_text_color__hover_enabled=\u00bboff\u00bb button_border_width__hover_enabled=\u00bboff\u00bb button_one_border_width__hover_enabled=\u00bboff\u00bb button_two_border_width__hover_enabled=\u00bboff\u00bb button_border_color__hover_enabled=\u00bboff\u00bb button_one_border_color__hover_enabled=\u00bboff\u00bb button_two_border_color__hover_enabled=\u00bboff\u00bb button_border_radius__hover_enabled=\u00bboff\u00bb button_one_border_radius__hover_enabled=\u00bboff\u00bb button_two_border_radius__hover_enabled=\u00bboff\u00bb button_letter_spacing__hover_enabled=\u00bbon\u00bb button_letter_spacing__hover=\u00bb1px\u00bb button_one_letter_spacing__hover_enabled=\u00bboff\u00bb button_two_letter_spacing__hover_enabled=\u00bboff\u00bb button_bg_color__hover_enabled=\u00bboff\u00bb button_one_bg_color__hover_enabled=\u00bboff\u00bb button_two_bg_color__hover_enabled=\u00bboff\u00bb sticky_enabled=\u00bb0&#8243; saved_tabs=\u00bball\u00bb][\/et_pb_signup][et_pb_social_media_follow _builder_version=\u00bb4.6.5&#8243; background_color=\u00bb#ffb356&#8243; text_orientation=\u00bbcenter\u00bb custom_margin=\u00bb|||\u00bb custom_padding=\u00bb||30px|\u00bb animation_style=\u00bbslide\u00bb animation_direction=\u00bbtop\u00bb animation_intensity_slide=\u00bb10%\u00bb hover_enabled=\u00bb0&#8243; border_radii=\u00bbon|100px|100px|100px|100px\u00bb locked=\u00bboff\u00bb sticky_enabled=\u00bb0&#8243;][et_pb_social_media_follow_network social_network=\u00bbinstagram\u00bb _builder_version=\u00bb4.6.5&#8243; background_color=\u00bbrgba(0,0,0,0.07)\u00bb custom_margin=\u00bb|||\u00bb custom_padding=\u00bb6px|6px|6px|6px|true|true\u00bb hover_enabled=\u00bb0&#8243; border_radii=\u00bbon|100px|100px|100px|100px\u00bb follow_button=\u00bboff\u00bb url_new_window=\u00bbon\u00bb url=\u00bbhttps:\/\/www.instagram.com\/psicologiaaldia\u00bb sticky_enabled=\u00bb0&#8243;]instagram[\/et_pb_social_media_follow_network][\/et_pb_social_media_follow][\/et_pb_column][et_pb_column type=\u00bb2_3&#8243; _builder_version=\u00bb3.25&#8243; custom_padding=\u00bb|||\u00bb custom_padding__hover=\u00bb|||\u00bb][et_pb_blog posts_number=\u00bb4&#8243; include_categories=\u00bb8&#8243; show_content=\u00bbon\u00bb show_author=\u00bboff\u00bb show_date=\u00bboff\u00bb show_categories=\u00bboff\u00bb disabled_on=\u00bbon|on|off\u00bb _builder_version=\u00bb4.6.5&#8243; header_font=\u00bbLato|700|on||on||||\u00bb header_text_align=\u00bbleft\u00bb header_font_size=\u00bb24px\u00bb body_font=\u00bbLato||||||||\u00bb body_font_size=\u00bb16px\u00bb body_line_height=\u00bb1.8em\u00bb pagination_font=\u00bbLato|700|||||||\u00bb pagination_text_color=\u00bb#ffb356&#8243; pagination_font_size=\u00bb18px\u00bb width=\u00bb80%\u00bb module_alignment=\u00bbcenter\u00bb border_width_all=\u00bb0px\u00bb][\/et_pb_blog][\/et_pb_column][\/et_pb_row][\/et_pb_section][et_pb_section fb_built=\u00bb1&#8243; next_background_color=\u00bb#345168&#8243; disabled_on=\u00bboff|off|off\u00bb admin_label=\u00bbPublications\u00bb _builder_version=\u00bb4.6.5&#8243; background_color=\u00bb#ffbe6b\u00bb use_background_color_gradient=\u00bbon\u00bb background_color_gradient_start=\u00bbrgba(232,232,232,0.54)\u00bb background_color_gradient_end=\u00bbrgba(255,255,255,0.7)\u00bb background_color_gradient_overlays_image=\u00bbon\u00bb background_image=\u00bbhttps:\/\/aldiapsicologia.com\/wp-content\/uploads\/2020\/10\/MIRIANA-BLOG-4.jpg\u00bb min_height=\u00bb40vh\u00bb max_height=\u00bb55vh\u00bb custom_margin=\u00bb||||false|false\u00bb custom_padding=\u00bb5%||||false|false\u00bb top_divider_style=\u00bbslant\u00bb top_divider_color=\u00bb#f5f5f5&#8243; top_divider_flip=\u00bbvertical\u00bb top_divider_arrangement=\u00bbabove_content\u00bb bottom_divider_style=\u00bbslant\u00bb bottom_divider_flip=\u00bbvertical\u00bb bottom_divider_arrangement=\u00bbabove_content\u00bb background_last_edited=\u00bbon|phone\u00bb background_image_tablet=\u00bbhttps:\/\/aldiapsicologia.com\/wp-content\/uploads\/2020\/10\/MIRIANA-BLOG-2.jpg\u00bb background_enable_image_tablet=\u00bbon\u00bb parallax_tablet=\u00bboff\u00bb locked=\u00bboff\u00bb title_text_tablet=\u00bbMIRIANA-BLOG-2&#8243;][et_pb_row column_structure=\u00bb2_3,1_3&#8243; _builder_version=\u00bb4.6.5&#8243; custom_margin=\u00bb2vh||-2vh||false|false\u00bb custom_padding=\u00bb||||false|false\u00bb animation_direction=\u00bbbottom\u00bb use_custom_width=\u00bbon\u00bb][et_pb_column type=\u00bb2_3&#8243; _builder_version=\u00bb3.25&#8243; custom_padding=\u00bb|||\u00bb custom_padding__hover=\u00bb|||\u00bb][et_pb_text content_tablet=\u00bb<\/p>\n<h2 style=%22text-align: left;%22>\u00a1Entradas Destacadas!<\/h2>\n<p>\u00bb content_phone=\u00bb\u00bb content_last_edited=\u00bbon|tablet\u00bb admin_label=\u00bbText\u00bb _builder_version=\u00bb4.6.5&#8243; text_font=\u00bbLato||||||||\u00bb text_font_size=\u00bb18px\u00bb text_line_height=\u00bb1.8em\u00bb link_font=\u00bb||||||||\u00bb ul_font=\u00bb||||||||\u00bb ol_font=\u00bb||||||||\u00bb quote_font=\u00bb||||||||\u00bb header_font=\u00bb||||||||\u00bb header_2_font=\u00bbLato|700|||||||\u00bb header_2_font_size=\u00bb40px\u00bb header_2_letter_spacing=\u00bb1px\u00bb header_2_line_height=\u00bb1.5em\u00bb header_3_font=\u00bb||||||||\u00bb header_4_font=\u00bb||||||||\u00bb header_5_font=\u00bb||||||||\u00bb header_6_font=\u00bbLato|700|||||||\u00bb header_6_font_size=\u00bb18px\u00bb header_6_letter_spacing=\u00bb1px\u00bb header_6_line_height=\u00bb1.8em\u00bb text_orientation=\u00bbright\u00bb custom_margin=\u00bb5%||0%||false|false\u00bb animation_style=\u00bbslide\u00bb animation_direction=\u00bbbottom\u00bb animation_intensity_slide=\u00bb5%\u00bb header_2_font_size_tablet=\u00bb\u00bb header_2_font_size_phone=\u00bb22px\u00bb header_2_font_size_last_edited=\u00bbon|phone\u00bb]<\/p>\n<h2 style=\"text-align: left;\">\u00a1Entradas Destacadas!<\/h2>\n<p>[\/et_pb_text][et_pb_blog posts_number=\u00bb2&#8243; include_categories=\u00bb9&#8243; show_thumbnail=\u00bboff\u00bb excerpt_length=\u00bb100&#8243; show_author=\u00bboff\u00bb show_date=\u00bboff\u00bb show_categories=\u00bboff\u00bb show_pagination=\u00bboff\u00bb _builder_version=\u00bb4.6.5&#8243; _module_preset=\u00bbdefault\u00bb header_text_align=\u00bbleft\u00bb header_text_align_tablet=\u00bbleft\u00bb header_text_align_phone=\u00bb\u00bb header_text_align_last_edited=\u00bbon|tablet\u00bb][\/et_pb_blog][\/et_pb_column][et_pb_column type=\u00bb1_3&#8243; _builder_version=\u00bb3.25&#8243; custom_padding=\u00bb|||\u00bb custom_padding__hover=\u00bb|||\u00bb][\/et_pb_column][\/et_pb_row][\/et_pb_section][et_pb_section fb_built=\u00bb1&#8243; admin_label=\u00bbFooter\u00bb module_id=\u00bbCONTACTO\u00bb _builder_version=\u00bb4.6.5&#8243; background_color=\u00bb#345168&#8243; use_background_color_gradient=\u00bbon\u00bb background_color_gradient_start=\u00bb#345168&#8243; background_color_gradient_end=\u00bbrgba(219,219,219,0.57)\u00bb background_color_gradient_start_position=\u00bb5%\u00bb background_color_gradient_overlays_image=\u00bbon\u00bb background_image=\u00bbhttps:\/\/aldiapsicologia.com\/wp-content\/uploads\/2020\/09\/avila.jpg\u00bb custom_padding=\u00bb5%||10%||false|false\u00bb bottom_divider_flip=\u00bbhorizontal\u00bb global_module=\u00bb12408&#8243; saved_tabs=\u00bball\u00bb collapsed=\u00bboff\u00bb][et_pb_row _builder_version=\u00bb3.25&#8243; locked=\u00bboff\u00bb][et_pb_column type=\u00bb4_4&#8243; _builder_version=\u00bb3.25&#8243; custom_padding=\u00bb|||\u00bb custom_padding__hover=\u00bb|||\u00bb][et_pb_text admin_label=\u00bbTitle\u00bb _builder_version=\u00bb4.6.5&#8243; text_font=\u00bbLato||||||||\u00bb text_font_size=\u00bb18px\u00bb text_line_height=\u00bb1.8em\u00bb link_font=\u00bb||||||||\u00bb ul_font=\u00bb||||||||\u00bb ol_font=\u00bb||||||||\u00bb quote_font=\u00bb||||||||\u00bb header_font=\u00bb||||||||\u00bb header_2_font=\u00bbLato|700|||||||\u00bb header_2_font_size=\u00bb40px\u00bb header_2_letter_spacing=\u00bb1px\u00bb header_2_line_height=\u00bb1.5em\u00bb header_3_font=\u00bb||||||||\u00bb header_4_font=\u00bb||||||||\u00bb header_5_font=\u00bb||||||||\u00bb header_6_font=\u00bbLato|700|||||||\u00bb header_6_font_size=\u00bb18px\u00bb header_6_letter_spacing=\u00bb1px\u00bb header_6_line_height=\u00bb1.8em\u00bb text_orientation=\u00bbcenter\u00bb background_layout=\u00bbdark\u00bb max_width=\u00bb700px\u00bb module_alignment=\u00bbcenter\u00bb header_2_font_size_tablet=\u00bb\u00bb header_2_font_size_phone=\u00bb22px\u00bb header_2_font_size_last_edited=\u00bbon|phone\u00bb]<\/p>\n<h2>Comienza a forjar tu camino hoy.<\/h2>\n<h2>No Esperes M\u00e1s.\u00a0<\/h2>\n<p>[\/et_pb_text][et_pb_contact_form use_spam_service=\u00bbon\u00bb recaptcha_list=\u00bbadd_new_account\u00bb recaptcha_account_name=\u00bbPSICOLOGIAALDIA\u00bb recaptcha_site_key=\u00bb6LfN89MZAAAAAKa730OYAgci_PNKOGRB2RcHZq5W\u00bb recaptcha_secret_key=\u00bb6LfN89MZAAAAAH6ytVTvrv2xFY16hAbB1jAeSYhP\u00bb email=\u00bbpsicologiaaldia.ve@gmail.com\u00bb custom_message=\u00bbHola Miriana, este es un mensaje que nos llega de %%Full_Name%%, su correo electr\u00f3nico es %%Email%% y su n\u00famero de tel\u00e9fono %%Phone_Number%%.  ||et_pb_line_break_holder||||et_pb_line_break_holder||Este es el mensaje:||et_pb_line_break_holder||%%message%%\u00bb submit_button_text=\u00bbEnviar Mensaje\u00bb module_id=\u00bbet_pb_contact_form_0&#8243; _builder_version=\u00bb4.6.5&#8243; form_field_background_color=\u00bb#ffffff\u00bb title_font=\u00bb||||||||\u00bb form_field_font=\u00bbLato||||||||\u00bb form_field_font_size=\u00bb16px\u00bb custom_button=\u00bbon\u00bb button_text_size=\u00bb14px\u00bb button_text_color=\u00bb#ffffff\u00bb button_bg_color=\u00bb#ffb356&#8243; button_border_width=\u00bb12px\u00bb button_border_color=\u00bb#ffb356&#8243; button_border_radius=\u00bb50px\u00bb button_letter_spacing=\u00bb2px\u00bb button_font=\u00bbLato|900||on|||||\u00bb button_icon=\u00bb%%3%%\u00bb text_orientation=\u00bbcenter\u00bb max_width=\u00bb700px\u00bb module_alignment=\u00bbcenter\u00bb animation_style=\u00bbslide\u00bb animation_direction=\u00bbbottom\u00bb animation_intensity_slide=\u00bb5%\u00bb border_radii=\u00bbon|3px|3px|3px|3px\u00bb form_background_color=\u00bb#ffffff\u00bb][et_pb_contact_field field_id=\u00bbEmail\u00bb field_title=\u00bbCorreo Electr\u00f3nico\u00bb field_type=\u00bbemail\u00bb fullwidth_field=\u00bbon\u00bb _builder_version=\u00bb4.6.1&#8243; button_text_size__hover_enabled=\u00bboff\u00bb button_one_text_size__hover_enabled=\u00bboff\u00bb button_two_text_size__hover_enabled=\u00bboff\u00bb button_text_color__hover_enabled=\u00bboff\u00bb button_one_text_color__hover_enabled=\u00bboff\u00bb button_two_text_color__hover_enabled=\u00bboff\u00bb button_border_width__hover_enabled=\u00bboff\u00bb button_one_border_width__hover_enabled=\u00bboff\u00bb button_two_border_width__hover_enabled=\u00bboff\u00bb button_border_color__hover_enabled=\u00bboff\u00bb button_one_border_color__hover_enabled=\u00bboff\u00bb button_two_border_color__hover_enabled=\u00bboff\u00bb button_border_radius__hover_enabled=\u00bboff\u00bb button_one_border_radius__hover_enabled=\u00bboff\u00bb button_two_border_radius__hover_enabled=\u00bboff\u00bb button_letter_spacing__hover_enabled=\u00bboff\u00bb button_one_letter_spacing__hover_enabled=\u00bboff\u00bb button_two_letter_spacing__hover_enabled=\u00bboff\u00bb button_bg_color__hover_enabled=\u00bboff\u00bb button_one_bg_color__hover_enabled=\u00bboff\u00bb button_two_bg_color__hover_enabled=\u00bboff\u00bb][\/et_pb_contact_field][et_pb_contact_field field_id=\u00bbFull_Name\u00bb field_title=\u00bbNombre\u00bb _builder_version=\u00bb4.6.1&#8243; button_text_size__hover_enabled=\u00bboff\u00bb button_one_text_size__hover_enabled=\u00bboff\u00bb button_two_text_size__hover_enabled=\u00bboff\u00bb button_text_color__hover_enabled=\u00bboff\u00bb button_one_text_color__hover_enabled=\u00bboff\u00bb button_two_text_color__hover_enabled=\u00bboff\u00bb button_border_width__hover_enabled=\u00bboff\u00bb button_one_border_width__hover_enabled=\u00bboff\u00bb button_two_border_width__hover_enabled=\u00bboff\u00bb button_border_color__hover_enabled=\u00bboff\u00bb button_one_border_color__hover_enabled=\u00bboff\u00bb button_two_border_color__hover_enabled=\u00bboff\u00bb button_border_radius__hover_enabled=\u00bboff\u00bb button_one_border_radius__hover_enabled=\u00bboff\u00bb button_two_border_radius__hover_enabled=\u00bboff\u00bb button_letter_spacing__hover_enabled=\u00bboff\u00bb button_one_letter_spacing__hover_enabled=\u00bboff\u00bb button_two_letter_spacing__hover_enabled=\u00bboff\u00bb button_bg_color__hover_enabled=\u00bboff\u00bb button_one_bg_color__hover_enabled=\u00bboff\u00bb button_two_bg_color__hover_enabled=\u00bboff\u00bb][\/et_pb_contact_field][et_pb_contact_field field_id=\u00bbPhone_Number\u00bb field_title=\u00bbN\u00famero de Tel\u00e9fono\u00bb _builder_version=\u00bb4.6.1&#8243; button_text_size__hover_enabled=\u00bboff\u00bb button_one_text_size__hover_enabled=\u00bboff\u00bb button_two_text_size__hover_enabled=\u00bboff\u00bb button_text_color__hover_enabled=\u00bboff\u00bb button_one_text_color__hover_enabled=\u00bboff\u00bb button_two_text_color__hover_enabled=\u00bboff\u00bb button_border_width__hover_enabled=\u00bboff\u00bb button_one_border_width__hover_enabled=\u00bboff\u00bb button_two_border_width__hover_enabled=\u00bboff\u00bb button_border_color__hover_enabled=\u00bboff\u00bb button_one_border_color__hover_enabled=\u00bboff\u00bb button_two_border_color__hover_enabled=\u00bboff\u00bb button_border_radius__hover_enabled=\u00bboff\u00bb button_one_border_radius__hover_enabled=\u00bboff\u00bb button_two_border_radius__hover_enabled=\u00bboff\u00bb button_letter_spacing__hover_enabled=\u00bboff\u00bb button_one_letter_spacing__hover_enabled=\u00bboff\u00bb button_two_letter_spacing__hover_enabled=\u00bboff\u00bb button_bg_color__hover_enabled=\u00bboff\u00bb button_one_bg_color__hover_enabled=\u00bboff\u00bb button_two_bg_color__hover_enabled=\u00bboff\u00bb][\/et_pb_contact_field][et_pb_contact_field field_id=\u00bbMessage\u00bb field_title=\u00bbMensaje\u00bb field_type=\u00bbtext\u00bb fullwidth_field=\u00bbon\u00bb _builder_version=\u00bb4.6.1&#8243; button_text_size__hover_enabled=\u00bboff\u00bb button_one_text_size__hover_enabled=\u00bboff\u00bb button_two_text_size__hover_enabled=\u00bboff\u00bb button_text_color__hover_enabled=\u00bboff\u00bb button_one_text_color__hover_enabled=\u00bboff\u00bb button_two_text_color__hover_enabled=\u00bboff\u00bb button_border_width__hover_enabled=\u00bboff\u00bb button_one_border_width__hover_enabled=\u00bboff\u00bb button_two_border_width__hover_enabled=\u00bboff\u00bb button_border_color__hover_enabled=\u00bboff\u00bb button_one_border_color__hover_enabled=\u00bboff\u00bb button_two_border_color__hover_enabled=\u00bboff\u00bb button_border_radius__hover_enabled=\u00bboff\u00bb button_one_border_radius__hover_enabled=\u00bboff\u00bb button_two_border_radius__hover_enabled=\u00bboff\u00bb button_letter_spacing__hover_enabled=\u00bboff\u00bb button_one_letter_spacing__hover_enabled=\u00bboff\u00bb button_two_letter_spacing__hover_enabled=\u00bboff\u00bb button_bg_color__hover_enabled=\u00bboff\u00bb button_one_bg_color__hover_enabled=\u00bboff\u00bb button_two_bg_color__hover_enabled=\u00bboff\u00bb][\/et_pb_contact_field][\/et_pb_contact_form][\/et_pb_column][\/et_pb_row][\/et_pb_section]<\/p>\n","protected":false},"excerpt":{"rendered":"<p>\u00a1Bienvenido a nuestra Galer\u00eda de Audios!\u00a1\u00c9xito con eso y s\u00e9 Feliz!\u00a1Entradas Destacadas!Comienza a forjar tu camino hoy. No Esperes M\u00e1s.\u00a0<\/p>\n","protected":false},"author":1,"featured_media":0,"parent":0,"menu_order":0,"comment_status":"closed","ping_status":"closed","template":"","meta":{"_et_pb_use_builder":"on","_et_pb_old_content":"","_et_gb_content_width":"","inline_featured_image":false,"footnotes":""},"class_list":["post-12618","page","type-page","status-publish","hentry"],"_links":{"self":[{"href":"https:\/\/aldiapsicologia.com\/index.php\/wp-json\/wp\/v2\/pages\/12618"}],"collection":[{"href":"https:\/\/aldiapsicologia.com\/index.php\/wp-json\/wp\/v2\/pages"}],"about":[{"href":"https:\/\/aldiapsicologia.com\/index.php\/wp-json\/wp\/v2\/types\/page"}],"author":[{"embeddable":true,"href":"https:\/\/aldiapsicologia.com\/index.php\/wp-json\/wp\/v2\/users\/1"}],"replies":[{"embeddable":true,"href":"https:\/\/aldiapsicologia.com\/index.php\/wp-json\/wp\/v2\/comments?post=12618"}],"version-history":[{"count":9,"href":"https:\/\/aldiapsicologia.com\/index.php\/wp-json\/wp\/v2\/pages\/12618\/revisions"}],"predecessor-version":[{"id":12801,"href":"https:\/\/aldiapsicologia.com\/index.php\/wp-json\/wp\/v2\/pages\/12618\/revisions\/12801"}],"wp:attachment":[{"href":"https:\/\/aldiapsicologia.com\/index.php\/wp-json\/wp\/v2\/media?parent=12618"}],"curies":[{"name":"wp","href":"https:\/\/api.w.org\/{rel}","templated":true}]}}